{"id":30,"date":"2024-01-11T22:17:51","date_gmt":"2024-01-11T22:17:51","guid":{"rendered":"https:\/\/integral-onismeret.hu\/?page_id=30"},"modified":"2024-09-23T21:47:13","modified_gmt":"2024-09-23T21:47:13","slug":"page","status":"publish","type":"page","link":"https:\/\/integral-onismeret.hu\/?page_id=30","title":{"rendered":"Csoport"},"content":{"rendered":"\t\t<div data-elementor-type=\"wp-page\" data-elementor-id=\"30\" class=\"elementor elementor-30\">\n\t\t\t\t\t\t\t<div class=\"elementor-element elementor-element-e614eeb e-con-full e-flex e-con e-child\" data-id=\"e614eeb\" data-element_type=\"container\" data-settings=\"{&quot;content_width&quot;:&quot;full&quot;}\">\n\t\t<div class=\"elementor-element elementor-element-be4d181 e-con-full e-flex e-con e-child\" data-id=\"be4d181\" data-element_type=\"container\" data-settings=\"{&quot;content_width&quot;:&quot;full&quot;}\">\n\t\t\t\t<div class=\"elementor-element elementor-element-eb34f6a elementor-widget elementor-widget-image\" data-id=\"eb34f6a\" data-element_type=\"widget\" data-widget_type=\"image.default\">\n\t\t\t\t<div class=\"elementor-widget-container\">\n\t\t\t<style>\/*! elementor - v3.18.0 - 20-12-2023 *\/\n.elementor-widget-image{text-align:center}.elementor-widget-image a{display:inline-block}.elementor-widget-image a img[src$=\".svg\"]{width:48px}.elementor-widget-image img{vertical-align:middle;display:inline-block}<\/style>\t\t\t\t\t\t\t\t\t\t\t\t<img fetchpriority=\"high\" decoding=\"async\" width=\"800\" height=\"600\" src=\"https:\/\/integral-onismeret.hu\/wp-content\/uploads\/2024\/02\/ujlaki_ildi_beszelgetokor-1024x768.jpg\" class=\"attachment-large size-large wp-image-394\" alt=\"Csoport\" srcset=\"https:\/\/integral-onismeret.hu\/wp-content\/uploads\/2024\/02\/ujlaki_ildi_beszelgetokor-1024x768.jpg 1024w, https:\/\/integral-onismeret.hu\/wp-content\/uploads\/2024\/02\/ujlaki_ildi_beszelgetokor-300x225.jpg 300w, https:\/\/integral-onismeret.hu\/wp-content\/uploads\/2024\/02\/ujlaki_ildi_beszelgetokor-768x576.jpg 768w, https:\/\/integral-onismeret.hu\/wp-content\/uploads\/2024\/02\/ujlaki_ildi_beszelgetokor-1536x1152.jpg 1536w, https:\/\/integral-onismeret.hu\/wp-content\/uploads\/2024\/02\/ujlaki_ildi_beszelgetokor.jpg 2048w\" sizes=\"(max-width: 800px) 100vw, 800px\" \/>\t\t\t\t\t\t\t\t\t\t\t\t\t\t\t<\/div>\n\t\t\t\t<\/div>\n\t\t\t\t<div class=\"elementor-element elementor-element-a81bdd5 elementor-widget elementor-widget-text-editor\" data-id=\"a81bdd5\" data-element_type=\"widget\" data-widget_type=\"text-editor.default\">\n\t\t\t\t<div class=\"elementor-widget-container\">\n\t\t\t<style>\/*! elementor - v3.18.0 - 20-12-2023 *\/\n.elementor-widget-text-editor.elementor-drop-cap-view-stacked .elementor-drop-cap{background-color:#69727d;color:#fff}.elementor-widget-text-editor.elementor-drop-cap-view-framed .elementor-drop-cap{color:#69727d;border:3px solid;background-color:transparent}.elementor-widget-text-editor:not(.elementor-drop-cap-view-default) .elementor-drop-cap{margin-top:8px}.elementor-widget-text-editor:not(.elementor-drop-cap-view-default) .elementor-drop-cap-letter{width:1em;height:1em}.elementor-widget-text-editor .elementor-drop-cap{float:left;text-align:center;line-height:1;font-size:50px}.elementor-widget-text-editor .elementor-drop-cap-letter{display:inline-block}<\/style>\t\t\t\t<p class=\"x11i5rnm xat24cr x1mh8g0r x1vvkbs xtlvy1s\"><strong>Mit\u0151l m\u00e1s az \u00f6nismereti besz\u00e9lget\u0151k\u00f6r, mint egy bar\u00e1ti \u00f6sszej\u00f6vetel, vagy munkahelyi meeting?<\/strong><\/p>\n<div class=\"x11i5rnm xat24cr x1mh8g0r x1vvkbs xtlvy1s\">A csoportban kialakul\u00f3 bizalomteli l\u00e9gk\u00f6rben felt\u00e1rhatod probl\u00e9m\u00e1idat, aktu\u00e1lis t\u00e9m\u00e1idat, ami miatt a csoportba \u00e9rkezt\u00e9l, \u00e9s ehhez olyan m\u00e9rt\u00e9k\u0171 figyelmet, kapcsol\u00f3d\u00e1st, t\u00e1mogat\u00e1st, oly sok l\u00e1t\u00f3sz\u00f6get \u00e9s visszajelz\u00e9st kapsz, amelyre a val\u00f3 \u00e9letben vagy egy egy\u00e9ni ter\u00e1pi\u00e1ban nincs lehet\u0151s\u00e9g.<\/div>\n<div>&nbsp;<\/div>\n<div class=\"x11i5rnm xat24cr x1mh8g0r x1vvkbs xtlvy1s\">A csoportban egyenl\u0151 emberi kapcsolatokat lehet tanulni: r\u00e1m is figyelnek \u00e9s \u00e9n is figyelek a m\u00e1sikra. Adok a m\u00e1siknak, \u00e9s ugyan\u00fagy kapok is \u2013 ahogy a val\u00f3 \u00e9letben az egyenl\u0151 emberi kapcsolatok m\u0171k\u00f6dnek.<\/div>\n<div>&nbsp;<\/div>\n<div class=\"x11i5rnm xat24cr x1mh8g0r x1vvkbs xtlvy1s\">A csoportvezet\u0151 val\u00f3j\u00e1ban facilit\u00e1tor, \u201ckarmester\u201d, az a dolga, hogy kialak\u00edtsa a kereteket, amelyek megteremtik a biztons\u00e1got, \u00f6sszehangolja a r\u00e9sztvev\u0151ket \u00e9s a ter\u00e1pi\u00e1s kommunik\u00e1ci\u00f3s eszk\u00f6zeivel t\u00e1mogatja a folyamatot. Ennek fontos eleme, hogy nem spont\u00e1n dobj\u00e1k fel a t\u00e9m\u00e1t vagy veszik \u00e1t a sz\u00f3t a jelenl\u00e9v\u0151k, hanem adott id\u0151 jut a megoszt\u00e1sokra, \u00edgy biztosan sorra ker\u00fclsz, \u00e9s egyenl\u0151 figyelem jut mindenkinek. \u00cdgy \u00f6tv\u00f6zz\u00fck az itt \u00e9s most flowt a biztons\u00e1got ad\u00f3 keretekkel.<\/div>\n<div>&nbsp;<\/div>\n<div class=\"x11i5rnm xat24cr x1mh8g0r x1vvkbs xtlvy1s\">A besz\u00e9lget\u0151k\u00f6r sor\u00e1n a k\u00f6vetkez\u0151ket \u00e9lheted meg:<\/div>\n<ul>\n<li>\u00c9nem eddig ismeretlen vagy elfogadhatatlan r\u00e9szeinek felfedez\u00e9se<\/li>\n<li>K\u00e9pes vagyok elmondani azt, ami zavar \u00e9s nem fojtom magamba<\/li>\n<li>M\u00e1sok \u0151szint\u00e9n elmondj\u00e1k, mit gondolnak r\u00f3lam.<\/li>\n<li>Megtanulom kifejezni az \u00e9rzelmeimet<\/li>\n<li>Felismertem, hogy \u00e9n vagyok a felel\u0151s az\u00e9rt, ahogy \u00e9lem az \u00e9letem<\/li>\n<\/ul>\n<div class=\"x11i5rnm xat24cr x1mh8g0r x1vvkbs xtlvy1s\">\n<p>Sok csoport eleve adott t\u00e9ma k\u00f6r\u00e9 szervez\u0151dik, itt nincs el\u0151re meghat\u00e1rozott t\u00e9ma, a tagok legaktu\u00e1lisabb t\u00e9m\u00e1ival foglalkozunk.<\/p><p><br><\/p>\n<p><\/p>\n<p><\/p>\n<p><\/p>\n<\/div>\t\t\t\t\t\t<\/div>\n\t\t\t\t<\/div>\n\t\t\t\t<div class=\"elementor-element elementor-element-53e525f elementor-widget elementor-widget-text-editor\" data-id=\"53e525f\" data-element_type=\"widget\" data-widget_type=\"text-editor.default\">\n\t\t\t\t<div class=\"elementor-widget-container\">\n\t\t\t\t\t\t\t<p>Indul\u00f3 csoportjaimr\u00f3l h\u00edrlev\u00e9lben t\u00e1j\u00e9koztatlak, amire al\u00e1bbi \u0171rlap seg\u00edts\u00e9g\u00e9vel tudsz jelentkezni:<\/p>\t\t\t\t\t\t<\/div>\n\t\t\t\t<\/div>\n\t\t\t\t<div class=\"elementor-element elementor-element-baef93d elementor-widget elementor-widget-wpforms\" data-id=\"baef93d\" data-element_type=\"widget\" data-widget_type=\"wpforms.default\">\n\t\t\t\t<div class=\"elementor-widget-container\">\n\t\t\t<style id=\"wpforms-css-vars-root\">\n\t\t\t\t:root {\n\t\t\t\t\t--wpforms-field-border-radius: 3px;\n--wpforms-field-border-style: solid;\n--wpforms-field-border-size: 1px;\n--wpforms-field-background-color: #ffffff;\n--wpforms-field-border-color: rgba( 0, 0, 0, 0.25 );\n--wpforms-field-border-color-spare: rgba( 0, 0, 0, 0.25 );\n--wpforms-field-text-color: rgba( 0, 0, 0, 0.7 );\n--wpforms-field-menu-color: #ffffff;\n--wpforms-label-color: rgba( 0, 0, 0, 0.85 );\n--wpforms-label-sublabel-color: rgba( 0, 0, 0, 0.55 );\n--wpforms-label-error-color: #d63637;\n--wpforms-button-border-radius: 3px;\n--wpforms-button-border-style: none;\n--wpforms-button-border-size: 1px;\n--wpforms-button-background-color: #066aab;\n--wpforms-button-border-color: #066aab;\n--wpforms-button-text-color: #ffffff;\n--wpforms-page-break-color: #066aab;\n--wpforms-background-image: none;\n--wpforms-background-position: center center;\n--wpforms-background-repeat: no-repeat;\n--wpforms-background-size: cover;\n--wpforms-background-width: 100px;\n--wpforms-background-height: 100px;\n--wpforms-background-color: rgba( 0, 0, 0, 0 );\n--wpforms-background-url: none;\n--wpforms-container-padding: 0px;\n--wpforms-container-border-style: none;\n--wpforms-container-border-width: 1px;\n--wpforms-container-border-color: #000000;\n--wpforms-container-border-radius: 3px;\n--wpforms-field-size-input-height: 43px;\n--wpforms-field-size-input-spacing: 15px;\n--wpforms-field-size-font-size: 16px;\n--wpforms-field-size-line-height: 19px;\n--wpforms-field-size-padding-h: 14px;\n--wpforms-field-size-checkbox-size: 16px;\n--wpforms-field-size-sublabel-spacing: 5px;\n--wpforms-field-size-icon-size: 1;\n--wpforms-label-size-font-size: 16px;\n--wpforms-label-size-line-height: 19px;\n--wpforms-label-size-sublabel-font-size: 14px;\n--wpforms-label-size-sublabel-line-height: 17px;\n--wpforms-button-size-font-size: 17px;\n--wpforms-button-size-height: 41px;\n--wpforms-button-size-padding-h: 15px;\n--wpforms-button-size-margin-top: 10px;\n--wpforms-container-shadow-size-box-shadow: none;\n\n\t\t\t\t}\n\t\t\t<\/style><style id=\"wpforms-css-vars-elementor-widget-baef93d\">\n\t\t\t\t.elementor-widget-wpforms.elementor-element-baef93d {\n\t\t\t\t\t--wpforms-field-size-input-height: 43px;\n--wpforms-field-size-input-spacing: 15px;\n--wpforms-field-size-font-size: 16px;\n--wpforms-field-size-line-height: 19px;\n--wpforms-field-size-padding-h: 14px;\n--wpforms-field-size-checkbox-size: 16px;\n--wpforms-field-size-sublabel-spacing: 5px;\n--wpforms-field-size-icon-size: 1;\n--wpforms-label-size-font-size: 16px;\n--wpforms-label-size-line-height: 19px;\n--wpforms-label-size-sublabel-font-size: 14px;\n--wpforms-label-size-sublabel-line-height: 17px;\n--wpforms-button-size-font-size: 17px;\n--wpforms-button-size-height: 41px;\n--wpforms-button-size-padding-h: 15px;\n--wpforms-button-size-margin-top: 10px;\n\n\t\t\t\t}\n\t\t\t<\/style><div class=\"wpforms-container wpforms-container-full wpforms-render-modern\" id=\"wpforms-422\"><form id=\"wpforms-form-422\" class=\"wpforms-validate wpforms-form wpforms-ajax-form\" data-formid=\"422\" method=\"post\" enctype=\"multipart\/form-data\" action=\"\/index.php?rest_route=%2Fwp%2Fv2%2Fpages%2F30\" data-token=\"33dc454c8527df65a43c0eaaca7b4798\" data-token-time=\"1777688379\"><noscript class=\"wpforms-error-noscript\">Please enable JavaScript in your browser to complete this form.<\/noscript><div class=\"wpforms-hidden\" id=\"wpforms-error-noscript\">Please enable JavaScript in your browser to complete this form.<\/div><div class=\"wpforms-field-container\"><div id=\"wpforms-422-field_1-container\" class=\"wpforms-field wpforms-field-name\" data-field-id=\"1\"><label class=\"wpforms-field-label\" for=\"wpforms-422-field_1\">N\u00e9v <span class=\"wpforms-required-label\" aria-hidden=\"true\">*<\/span><\/label><input type=\"text\" id=\"wpforms-422-field_1\" class=\"wpforms-field-medium wpforms-field-required\" name=\"wpforms[fields][1]\" aria-errormessage=\"wpforms-422-field_1-error\" required><\/div><div id=\"wpforms-422-field_2-container\" class=\"wpforms-field wpforms-field-email\" data-field-id=\"2\"><label class=\"wpforms-field-label\" for=\"wpforms-422-field_2\">Email <span class=\"wpforms-required-label\" aria-hidden=\"true\">*<\/span><\/label><input type=\"email\" id=\"wpforms-422-field_2\" class=\"wpforms-field-medium wpforms-field-required\" name=\"wpforms[fields][2]\" spellcheck=\"false\" aria-errormessage=\"wpforms-422-field_2-error\" required><\/div><\/div><!-- .wpforms-field-container --><div class=\"wpforms-submit-container\" ><input type=\"hidden\" name=\"wpforms[id]\" value=\"422\"><input type=\"hidden\" name=\"page_title\" value=\"\"><input type=\"hidden\" name=\"page_url\" value=\"https:\/\/integral-onismeret.hu\/index.php?rest_route=%2Fwp%2Fv2%2Fpages%2F30\"><button type=\"submit\" name=\"wpforms[submit]\" id=\"wpforms-submit-422\" class=\"wpforms-submit\" data-alt-text=\"Sending...\" data-submit-text=\"Elk\u00fcld\" aria-live=\"assertive\" value=\"wpforms-submit\">Elk\u00fcld<\/button><img decoding=\"async\" src=\"https:\/\/integral-onismeret.hu\/wp-content\/plugins\/wpforms-lite\/assets\/images\/submit-spin.svg\" class=\"wpforms-submit-spinner\" style=\"display: none;\" width=\"26\" height=\"26\" alt=\"Loading\"><\/div><\/form><\/div>  <!-- .wpforms-container -->\t\t<\/div>\n\t\t\t\t<\/div>\n\t\t\t\t<\/div>\n\t\t\t\t<\/div>\n\t\t\t\t\t\t\t<\/div>\n\t\t","protected":false},"excerpt":{"rendered":"<p>Mit\u0151l m\u00e1s az \u00f6nismereti besz\u00e9lget\u0151k\u00f6r, mint egy bar\u00e1ti \u00f6sszej\u00f6vetel, vagy munkahelyi meeting? A csoportban kialakul\u00f3 bizalomteli l\u00e9gk\u00f6rben felt\u00e1rhatod probl\u00e9m\u00e1idat, aktu\u00e1lis t\u00e9m\u00e1idat, ami miatt a csoportba \u00e9rkezt\u00e9l, \u00e9s ehhez olyan m\u00e9rt\u00e9k\u0171 figyelmet, kapcsol\u00f3d\u00e1st, t\u00e1mogat\u00e1st, oly sok l\u00e1t\u00f3sz\u00f6get \u00e9s visszajelz\u00e9st kapsz, amelyre a val\u00f3 \u00e9letben vagy egy egy\u00e9ni ter\u00e1pi\u00e1ban nincs lehet\u0151s\u00e9g. &nbsp; A csoportban egyenl\u0151 emberi kapcsolatokat [&hellip;]<\/p>\n","protected":false},"author":1,"featured_media":0,"parent":0,"menu_order":3,"comment_status":"closed","ping_status":"closed","template":"","meta":{"footnotes":""},"class_list":["post-30","page","type-page","status-publish","hentry"],"_links":{"self":[{"href":"https:\/\/integral-onismeret.hu\/index.php?rest_route=\/wp\/v2\/pages\/30","targetHints":{"allow":["GET"]}}],"collection":[{"href":"https:\/\/integral-onismeret.hu\/index.php?rest_route=\/wp\/v2\/pages"}],"about":[{"href":"https:\/\/integral-onismeret.hu\/index.php?rest_route=\/wp\/v2\/types\/page"}],"author":[{"embeddable":true,"href":"https:\/\/integral-onismeret.hu\/index.php?rest_route=\/wp\/v2\/users\/1"}],"replies":[{"embeddable":true,"href":"https:\/\/integral-onismeret.hu\/index.php?rest_route=%2Fwp%2Fv2%2Fcomments&post=30"}],"version-history":[{"count":36,"href":"https:\/\/integral-onismeret.hu\/index.php?rest_route=\/wp\/v2\/pages\/30\/revisions"}],"predecessor-version":[{"id":429,"href":"https:\/\/integral-onismeret.hu\/index.php?rest_route=\/wp\/v2\/pages\/30\/revisions\/429"}],"wp:attachment":[{"href":"https:\/\/integral-onismeret.hu\/index.php?rest_route=%2Fwp%2Fv2%2Fmedia&parent=30"}],"curies":[{"name":"wp","href":"https:\/\/api.w.org\/{rel}","templated":true}]}}