{"id":275,"date":"2024-01-13T10:33:20","date_gmt":"2024-01-13T10:33:20","guid":{"rendered":"https:\/\/integral-onismeret.hu\/?page_id=275"},"modified":"2024-01-13T23:17:33","modified_gmt":"2024-01-13T23:17:33","slug":"egyeni","status":"publish","type":"page","link":"https:\/\/integral-onismeret.hu\/?page_id=275","title":{"rendered":"Egy\u00e9ni"},"content":{"rendered":"\t\t<div data-elementor-type=\"wp-page\" data-elementor-id=\"275\" class=\"elementor elementor-275\">\n\t\t\t\t\t\t\t<div class=\"elementor-element elementor-element-995ce5c e-con-full e-flex e-con e-parent\" data-id=\"995ce5c\" data-element_type=\"container\" data-settings=\"{&quot;content_width&quot;:&quot;full&quot;}\" data-core-v316-plus=\"true\">\n\t\t<div class=\"elementor-element elementor-element-6607c52 e-con-full e-flex e-con e-child\" data-id=\"6607c52\" data-element_type=\"container\" data-settings=\"{&quot;content_width&quot;:&quot;full&quot;}\">\n\t\t\t\t<div class=\"elementor-element elementor-element-0f97d56 elementor-widget elementor-widget-heading\" data-id=\"0f97d56\" data-element_type=\"widget\" data-widget_type=\"heading.default\">\n\t\t\t\t<div class=\"elementor-widget-container\">\n\t\t\t<style>\/*! elementor - v3.18.0 - 20-12-2023 *\/\n.elementor-heading-title{padding:0;margin:0;line-height:1}.elementor-widget-heading .elementor-heading-title[class*=elementor-size-]>a{color:inherit;font-size:inherit;line-height:inherit}.elementor-widget-heading .elementor-heading-title.elementor-size-small{font-size:15px}.elementor-widget-heading .elementor-heading-title.elementor-size-medium{font-size:19px}.elementor-widget-heading .elementor-heading-title.elementor-size-large{font-size:29px}.elementor-widget-heading .elementor-heading-title.elementor-size-xl{font-size:39px}.elementor-widget-heading .elementor-heading-title.elementor-size-xxl{font-size:59px}<\/style><h1 class=\"elementor-heading-title elementor-size-default\">Egy\u00e9ni folyamat velem<\/h1>\t\t<\/div>\n\t\t\t\t<\/div>\n\t\t\t\t<div class=\"elementor-element elementor-element-b30459b elementor-widget elementor-widget-text-editor\" data-id=\"b30459b\" data-element_type=\"widget\" data-widget_type=\"text-editor.default\">\n\t\t\t\t<div class=\"elementor-widget-container\">\n\t\t\t<style>\/*! elementor - v3.18.0 - 20-12-2023 *\/\n.elementor-widget-text-editor.elementor-drop-cap-view-stacked .elementor-drop-cap{background-color:#69727d;color:#fff}.elementor-widget-text-editor.elementor-drop-cap-view-framed .elementor-drop-cap{color:#69727d;border:3px solid;background-color:transparent}.elementor-widget-text-editor:not(.elementor-drop-cap-view-default) .elementor-drop-cap{margin-top:8px}.elementor-widget-text-editor:not(.elementor-drop-cap-view-default) .elementor-drop-cap-letter{width:1em;height:1em}.elementor-widget-text-editor .elementor-drop-cap{float:left;text-align:center;line-height:1;font-size:50px}.elementor-widget-text-editor .elementor-drop-cap-letter{display:inline-block}<\/style>\t\t\t\t<p><span style=\"font-weight: 400;\">Kapcsolatban s\u00e9r\u00fcl\u00fcnk &#8211; kapcsolatban gy\u00f3gyulunk<\/span><\/p><p><span style=\"font-weight: 400;\">Mire v\u00e1gysz? Bels\u0151 b\u00e9k\u00e9re, boldogs\u00e1gra, megel\u00e9gedetts\u00e9gre, fejl\u0151d\u00e9sre,karrierre, sikerre, szerelemre,csal\u00e1dra, gyermekre\u2026 Hossz\u00fa a lista. Mi az, ami elv\u00e1laszt ett\u0151l? Mit tehetsz mindez\u00e9rt? Ez az, amit megn\u00e9z\u00fcnk az \u00f6nismereti folyamat sor\u00e1n.\u00a0<\/span><\/p><p><span style=\"font-weight: 400;\">Nincsen k\u00e9sz recept, besz\u00e9lget\u00e9seink sor\u00e1n abban t\u00e1mogatlak, hogy megtal\u00e1ld saj\u00e1t v\u00e1laszaid, \u00e9s kiteljesedj a saj\u00e1t utadon.\u00a0<\/span><\/p><p><span style=\"font-weight: 400;\">Nincs egy k\u00e9sz v\u00e1lasz sem, mely \u00f6r\u00f6kk\u00e9 \u00e9rv\u00e9nyes marad, azt is felfedezheted, hogy v\u00e1ltozol nap mint nap, h\u00e9tr\u0151l h\u00e9tre, \u00e9vr\u0151l \u00e9vre, mik azok a tanuls\u00e1gok, melyb\u0151l \u00e9p\u00edtkezhetsz, legyen az szomor\u00fa \u00e9s neh\u00e9z, vagy k\u00f6nnyed \u00e9s felszabad\u00edt\u00f3 \u00e9lm\u00e9ny, mindezek mozaikj\u00e1b\u00f3l \u00e1ll \u00f6ssze az a sz\u00ednes k\u00e9p, aki te vagy, \u00e9s rendez\u0151dik \u00e1t folyamatosan, mint egy kaleidoszk\u00f3p.<\/span><\/p><p><span style=\"font-weight: 400;\">Egy ter\u00e1pi\u00e1s folyamat l\u00e9nyeg\u00e9hez tartozik, hogy mindaz, ami egyed\u00fcl t\u00fal neh\u00e9z, t\u00fal f\u00e1jdalmas sz\u00e1modra, \u201ckik\u00f6nny\u00fcl\u201d, a kimond\u00e1s \u00e9s m\u00e9ly \u00e1t\u00e9l\u00e9s sor\u00e1n felszabadul mindaz az er\u0151 \u00e9s energia, melyekt\u0151l megfosztod magad, m\u00edg ber\u00f6gz\u00fclt mint\u00e1kat ism\u00e9telsz, egykor hasznos, de m\u00e1ra m\u00e1ra m\u00e1r g\u00e1tl\u00f3, gyermekkorban kialak\u00edtott t\u00fal\u00e9l\u00e9si technik\u00e1id haszn\u00e1lod.<\/span><\/p><p><span style=\"font-weight: 400;\">A folyamat teljesen egy\u00e9ni, t\u0151led f\u00fcgg, a mostban alakul. Vannak az\u00e9rt jellegzetes folyamatok, amelyeken \u00e1tmehetsz mindek\u00f6zben, amelyekr\u0151l tal\u00e1n m\u00e1r hallott\u00e1l, olvast\u00e1l &#8211; a bels\u0151 gyermek gy\u00f3gy\u00edt\u00e1sa, traumaold\u00e1s, karakterfix\u00e1ci\u00f3 old\u00e1s, gy\u00e1szfolyamat, kapcsolattiszt\u00e1z\u00e1s, munka a bels\u0151 szimb\u00f3lumokkal, \u00e1lmokkal.<\/span><\/p><p><span style=\"font-weight: 400;\">A ter\u00e1pi\u00e1s kapcsolat, mely mindez, a sokszor neh\u00e9z, szorongat\u00f3, vagy \u00e9pp izgalmas, lelkes\u00edt\u0151, r\u00e1j\u00f6v\u00e9sekkel teli, vagy elnyugv\u00f3, b\u00e9k\u00e9s folyamat h\u00e1tter\u00e9ben m\u0171k\u00f6dik, \u00e9s t\u00e1mogat gy\u00f3gyul\u00e1sodban, kiteljesed\u00e9sedben, ahol megtal\u00e1lhatod a teljes bizalmat, felt\u00e9tlen szeretetet \u00f6nmagad fel\u00e9, melyet \u00e9desany\u00e1d ny\u00fajtott, vagy csak v\u00e1gyt\u00e1l r\u00e1, ami\u00f3ta a vil\u00e1gra sz\u00fclett\u00e9l.<\/span><\/p><p><span style=\"font-weight: 400;\">Ha nincs konkr\u00e9t t\u00e9m\u00e1d els\u0151re, csak szeretn\u00e9l j\u00f3l \u00e9lni, kiteljesedni, m\u00e9lyebb \u00f6nismeretre v\u00e1gysz,akkor is gyere nyugodtan, \u00e9s a folyamat sor\u00e1n fog kikrist\u00e1lyosodni, mi az aktu\u00e1lis val\u00f3s\u00e1god, amire r\u00e1n\u00e9z\u00fcnk. A t\u00e9m\u00e1d kibomlik \u00f6nmag\u00e1t\u00f3l a figyelem ter\u00e9ben.<\/span><\/p><p><em><span style=\"font-weight: 400;\">Hogyan?<br \/><\/span><\/em><span style=\"font-weight: 400;\">Elfogad\u00f3 l\u00e9gk\u00f6rben, bizalommal, \u00edt\u00e9lkez\u00e9s mentesen, k\u00edv\u00e1ncsian<\/span><\/p><p><span style=\"font-weight: 400;\">P\u00e9ld\u00e1k :\u00a0<\/span><\/p><p><span style=\"font-weight: 400;\">N\u00e9h\u00e1ny t\u00e9ma, helyzet, amivel hozz\u00e1m szoktak fordulni:<\/span><\/p><ul><li style=\"font-weight: 400;\" aria-level=\"1\"><span style=\"font-weight: 400;\">p\u00e1rkapcsolati probl\u00e9m\u00e1k, \u00f6nbizalomhi\u00e1ny, elfojtott \u00e9rzelmek, gyermekkori lelki s\u00e9r\u00fcl\u00e9sek, gy\u00e1sz, vesztes\u00e9g, v\u00e1l\u00e1s, karrierv\u00e1lt\u00e1s, \u00e9letk\u00f6z\u00e9pi v\u00e1ls\u00e1g, anyas\u00e1g, hat\u00e1rh\u00faz\u00e1s, \u00f6n\u00e9rv\u00e9nyes\u00edt\u00e9s<\/span><\/li><li style=\"font-weight: 400;\" aria-level=\"1\"><span style=\"font-weight: 400;\">fejl\u0151d\u00e9si v\u00e1gy, pszichol\u00f3giai \u00e9rdekl\u0151d\u00e9s, relax\u00e1ci\u00f3, szimb\u00f3lumokkal val\u00f3 munka ir\u00e1nti nyitotts\u00e1g<\/span><\/li><\/ul>\t\t\t\t\t\t<\/div>\n\t\t\t\t<\/div>\n\t\t<div class=\"elementor-element elementor-element-5cf727c e-con-full e-flex e-con e-child\" data-id=\"5cf727c\" data-element_type=\"container\" data-settings=\"{&quot;content_width&quot;:&quot;full&quot;}\">\n\t\t\t\t<div class=\"elementor-element elementor-element-119443f elementor-widget elementor-widget-heading\" data-id=\"119443f\" data-element_type=\"widget\" data-widget_type=\"heading.default\">\n\t\t\t\t<div class=\"elementor-widget-container\">\n\t\t\t<h1 class=\"elementor-heading-title elementor-size-default\">M\u00f3dszereim<\/h1>\t\t<\/div>\n\t\t\t\t<\/div>\n\t\t\t\t<div class=\"elementor-element elementor-element-813cd79 elementor-widget elementor-widget-text-editor\" data-id=\"813cd79\" data-element_type=\"widget\" data-widget_type=\"text-editor.default\">\n\t\t\t\t<div class=\"elementor-widget-container\">\n\t\t\t\t\t\t\t<p><span style=\"font-weight: 400;\">Integr\u00e1l pszichol\u00f3giai kommunik\u00e1ci\u00f3s eszk\u00f6z\u00f6k \u00e9s m\u00f3dszerek, rogersi humanisztikus \u00e9s szem\u00e9lyk\u00f6zpont\u00fa szeml\u00e9let, bels\u0151 k\u00e9pi munka, hipno-NLP \u00e9s a dr M\u00e1t\u00e9 G\u00e1bor \u00e9s Sat Dharam Knaur \u00e1ltal kifejlesztett Egy\u00fctt\u00e9rz\u0151 felt\u00e1r\u00e1s m\u00f3dszere. Jelenleg a tudatalatti szimb\u00f3lumokkal val\u00f3 munk\u00e1ban k\u00e9pz\u0151d\u00f6m (szimb\u00f3lumdr\u00e1ma)<\/span><\/p>\t\t\t\t\t\t<\/div>\n\t\t\t\t<\/div>\n\t\t\t\t<\/div>\n\t\t\t\t<\/div>\n\t\t\t\t<\/div>\n\t\t\t\t\t\t\t<\/div>\n\t\t","protected":false},"excerpt":{"rendered":"<p>Egy\u00e9ni folyamat velem Kapcsolatban s\u00e9r\u00fcl\u00fcnk &#8211; kapcsolatban gy\u00f3gyulunk Mire v\u00e1gysz? Bels\u0151 b\u00e9k\u00e9re, boldogs\u00e1gra, megel\u00e9gedetts\u00e9gre, fejl\u0151d\u00e9sre,karrierre, sikerre, szerelemre,csal\u00e1dra, gyermekre\u2026 Hossz\u00fa a lista. Mi az, ami elv\u00e1laszt ett\u0151l? Mit tehetsz mindez\u00e9rt? Ez az, amit megn\u00e9z\u00fcnk az \u00f6nismereti folyamat sor\u00e1n. Nincsen k\u00e9sz recept, besz\u00e9lget\u00e9seink sor\u00e1n abban t\u00e1mogatlak, hogy megtal\u00e1ld saj\u00e1t v\u00e1laszaid, \u00e9s kiteljesedj a saj\u00e1t utadon. Nincs egy [&hellip;]<\/p>\n","protected":false},"author":1,"featured_media":0,"parent":0,"menu_order":2,"comment_status":"closed","ping_status":"closed","template":"","meta":{"footnotes":""},"class_list":["post-275","page","type-page","status-publish","hentry"],"_links":{"self":[{"href":"https:\/\/integral-onismeret.hu\/index.php?rest_route=\/wp\/v2\/pages\/275","targetHints":{"allow":["GET"]}}],"collection":[{"href":"https:\/\/integral-onismeret.hu\/index.php?rest_route=\/wp\/v2\/pages"}],"about":[{"href":"https:\/\/integral-onismeret.hu\/index.php?rest_route=\/wp\/v2\/types\/page"}],"author":[{"embeddable":true,"href":"https:\/\/integral-onismeret.hu\/index.php?rest_route=\/wp\/v2\/users\/1"}],"replies":[{"embeddable":true,"href":"https:\/\/integral-onismeret.hu\/index.php?rest_route=%2Fwp%2Fv2%2Fcomments&post=275"}],"version-history":[{"count":16,"href":"https:\/\/integral-onismeret.hu\/index.php?rest_route=\/wp\/v2\/pages\/275\/revisions"}],"predecessor-version":[{"id":345,"href":"https:\/\/integral-onismeret.hu\/index.php?rest_route=\/wp\/v2\/pages\/275\/revisions\/345"}],"wp:attachment":[{"href":"https:\/\/integral-onismeret.hu\/index.php?rest_route=%2Fwp%2Fv2%2Fmedia&parent=275"}],"curies":[{"name":"wp","href":"https:\/\/api.w.org\/{rel}","templated":true}]}}